{"id":2729,"date":"2020-02-05T17:04:32","date_gmt":"2020-02-05T16:04:32","guid":{"rendered":"https:\/\/www.eventfotografen.berlin\/cookie-hinweis\/"},"modified":"2022-04-26T20:06:25","modified_gmt":"2022-04-26T18:06:25","slug":"cookie-hinweis","status":"publish","type":"page","link":"https:\/\/www.eventfotografen.berlin\/en\/cookie-hinweis\/","title":{"rendered":"Cookie-Hinweis"},"content":{"rendered":"\n[et_pb_section fb_built=&#8221;1&#8243; fullwidth=&#8221;on&#8221; _builder_version=&#8221;4.0.11&#8243; background_color=&#8221;#e02b20&#8243;][et_pb_fullwidth_header background_overlay_color=&#8221;rgba(0,0,0,0)&#8221; _builder_version=&#8221;4.0.11&#8243; background_color=&#8221;#d6d6d6&#8243; custom_padding=&#8221;||81px|||&#8221;][\/et_pb_fullwidth_header][\/et_pb_section][et_pb_section fb_built=&#8221;1&#8243; _builder_version=&#8221;4.0.11&#8243; background_color=&#8221;rgba(0,0,0,0)&#8221; custom_padding=&#8221;0px|||||&#8221; top_divider_color=&#8221;rgba(0,0,0,0)&#8221; top_divider_height=&#8221;414px&#8221; bottom_divider_style=&#8221;mountains2&#8243; bottom_divider_color=&#8221;rgba(0,0,0,0)&#8221; bottom_divider_height=&#8221;185px&#8221;][et_pb_row _builder_version=&#8221;4.0.11&#8243; width=&#8221;100%&#8221; module_alignment=&#8221;center&#8221; custom_margin=&#8221;|359px||auto||&#8221;][et_pb_column type=&#8221;4_4&#8243; _builder_version=&#8221;4.0.11&#8243;][et_pb_text _builder_version=&#8221;4.2.2&#8243; custom_margin=&#8221;-58px|||||&#8221; custom_padding=&#8221;|||0px||&#8221; hover_enabled=&#8221;0&#8243;]<div class=\"vc-row-container container\">\n<div class=\"vc_row wpb_row vc_row-fluid\">\n<div class=\"wpb_column vc_column_container vc_col-sm-12\">\n<div class=\"vc_column-inner\">\n<div class=\"wpb_wrapper\">\n<div class=\"section-title \">\n<h1>Cookie Hinweis<\/h1>\n<p><span>eventfotografen.berlin setzt zur Verbesserung der Nutzerfreundlichkeit und Optimierung der Webseite sog. Cookies ein. Bei <\/span>Cookies handelt es sich um Textdateien, welche lokal auf Ihrem Rechner abgelegt werden. Ein Teil der verwendeten Cookies wird nach Beendigung der Browser-Sitzung bzw. mit dem Schlie\u00dfen des Browser gel\u00f6scht (Session-Cookies). Des Weiteren kommen auch Cookies zum Einsatz, welche auch dar\u00fcber hinaus erhalten bleiben (persistente-Cookies).<\/p>\n<p><span>eventfotografen.berlin<\/span> verwendet diese Cookies unter anderem zur l\u00e4ngerfristigen Identifizierung. Browser bieten hier grundlegend Einstellungsm\u00f6glichkeiten zur Regulierung der Annahme von Cookies. Je nach den Funktionalit\u00e4ten kann die Annahme von Cookies generell oder individuell durch Abfrage im Einzelfall ausgeschlossen werden. Wir weisen Sie jedoch darauf hin, dass einzelne Funktionalit\u00e4ten auf der Webseite durch die Ablehnung von Cookies eingeschr\u00e4nkt sein k\u00f6nnen.<\/p>\n<p><strong>Browsereinstellungen &#8211; Cookies<\/strong><br>Sie haben die M\u00f6glichkeit, die Verarbeitung der Daten in dem vorgenannten Sinne, namentlich die Speicherung der Cookies, zu verhindern, indem Sie in den Einstellungen Ihres Browsers die Speicherung solcher Cookies verhindern. F\u00fcr den Fall, dass Sie eine solche Einstellung vornehmen, weisen wir Sie darauf hin, dass Sie gegebenenfalls sodann nicht s\u00e4mtliche Funktionalit\u00e4ten unseres Internetauftritts nutzen k\u00f6nnen.<\/p>\n<p><strong>Browser Plugin<\/strong><br>Des Weiteren ist es m\u00f6glich, dass Sie die Verarbeitung der Daten in dem vorgenannten Sinne, namentlich die Erfassung der durch den Cookie erzeugten Daten und deren \u00dcbersendung an Google einschlie\u00dflich deren Verarbeitung durch Google zu verhindern, indem Sie dem nachstehenden Link folgen und das hierr\u00fcber zur Verf\u00fcgung gestellte Browser-Plug-in herunterladen und installieren:<span> <\/span><a href=\"https:\/\/tools.google.com\/dlpage\/gaoptout?hl=de\" target=\"_blank\" rel=\"noreferrer noopener\">https:\/\/tools.google.com\/dlpage\/gaoptout?hl=de<\/a>.<\/p>\n<p><strong>Google Analytics<\/strong><\/p>\n<p>1. Auf der Webseite wird der von der Google LLC, 1600 Amphitheatre Parkway, Mountain View, CA 94043 USA (nachstehend: Google) bereitgestellte Webanalysedienst Google Analytics verwendet.<\/p>\n<p>\u00dcber diesen Dienst k\u00f6nnen wir eine Analyse des Nutzungsverhaltens und eine Optimierung unseres, \u00fcber die Webseite abrufbaren Onlineangebotes vornehmen.<\/p>\n<p>Bei der Verwendung von Google Analytics erzeugt Google sogenannte Cookies (Ziff. VII.), \u00fcber welche die Durchf\u00fchrung der Analyse erm\u00f6glicht wird. Die durch den Cookie gebildeten Informationen betreffend Ihr Nutzungsverhalten werden in der Regel an einen von Google betriebenen in den USA \u00fcbertragen und dort gespeichert.<\/p>\n<p>\u00dcber Google Analytics werden Informationen betreffend die Nutzung unseres Onlineangebotes, z.B. Ort, Zeit und\/oder H\u00e4ufigkeit Ihres Besuchs auf unserem Internetauftritt gespeichert. Des Weiteren wird bei einem Besuch unseres Internetauftritts auch Ihre IP-Adresse innerhalb des Verarbeitungsprozesses von Google Analytics bei uns gespeichert. Die IP-Adresse wird jedoch nicht vollst\u00e4ndig, sondern nur anonymisiert auf dem von Google betriebenen Server in den USA \u00fcbersandt und verarbeitet, abgesehen von den nachstehend genannten Ausnahmef\u00e4llen der Anonymisierung der IP-Adresse in den USA. Die Anonymisierung wird durch eine K\u00fcrzung der IP-Adresse durchgef\u00fchrt, wobei die K\u00fcrzung selbst innerhalb von Mitgliedstaaten der Europ\u00e4ischen Union oder in anderen Vertragsstaaten des Abkommens \u00fcber den Europ\u00e4ischen Wirtschaftsraum durchgef\u00fchrt wird. In Ausnahmef\u00e4llen ist es m\u00f6glich, dass auch die volle IP-Adresse an einen Server von Google in den USA \u00fcbermittelt und dort gek\u00fcrzt wird. Die \u00fcbermittelte IP-Adresse wird jedoch nicht mit anderen Daten von Google zusammengef\u00fchrt.<\/p>\n<p>Die an den Server in den USA \u00fcbermittelten Daten werden von Google zur Erstellung der Analyse des Nutzungsverhaltens verarbeitet. Des Weiteren werden diese Daten von Google verwendet, um uns gegen\u00fcber dar\u00fcber hinausgehende, mit der Nutzung unseres Onlineangebotes sowie der Internetnutzung verbundene Dienstleistungen zu erbringen.<\/p>\n<p>Die von Google Analytics gespeicherten Cookies werden sp\u00e4testens nach 14 Monaten gel\u00f6scht.<\/p>\n<p><strong>Opt-Out-Cookie<\/strong><br>Sie k\u00f6nnen die Erfassung Ihrer Daten durch Google Analytics ferner verhindern, indem Sie auf folgenden Link klicken. Es wird ein Opt-Out-Cookie gesetzt, der die Erfassung Ihrer Daten bei zuk\u00fcnftigen Besuchen dieser Website verhindert:<span> <\/span><a class=\"ana_opt_out\" href=\"https:\/\/www.hochzeitsfotograf.com\/cookie-hinweis\/#\">Klicken Sie hier, um von der Google Analytics Messung ausgeschlossen zu werden.<\/a><\/p>\n<p>2. Rechtsgrundlage f\u00fcr die Verarbeitung der vorstehend genannten Daten ist Art. 6 Abs. 1 lit. f) DSGVO. Unser berechtigtes Interesse leitet sich aus den, mit dem Betrieb des Dienstes verfolgten Zwecken der Analyse und Optimierung unseres Internetauftritts her.<\/p>\n<p>3. Die Nutzung der Funktionalit\u00e4t Google Analytics erfolgt im Interesse einer durch die Analyse des Nutzungsverhaltens zu erreichenden Optimierung unseres, \u00fcber die Webseite abrufbaren Onlineangebotes. Hierin liegt ebenfalls das berechtigte Interesse an der Verarbeitung der vorstehend benannten personenbezogenen Daten.<\/p>\n<p>Mehr Informationen zum Umgang mit Nutzerdaten durch Google Analytics finden Sie in der Datenschutzerkl\u00e4rung von Google sowie den Sicherheits- und Datenschutzgrunds\u00e4tzen, welche Sie \u00fcber folgenden Link abrufen k\u00f6nnen:<span> <\/span><a href=\"https:\/\/support.google.com\/analytics\/answer\/6004245?hl=de\" target=\"_blank\" rel=\"noreferrer noopener\">https:\/\/support.google.com\/analytics\/answer\/6004245?hl=de<\/a>.<\/p>\n<p>F\u00fcr Google liegt eine Zertifizierung (\u201eEU-US Privacy Shield\u201c) vor, wonach die bei der Verarbeitung personenbezogener Daten die innerhalb der Europ\u00e4ischen Union geltenden Datenschutzvorgaben auch bei der Verarbeitung personenbezogener Daten in den Vereinigten Staaten von Amerika (USA) eingehalten werden.<\/p>\n<p>Weitere Informationen k\u00f6nnen Sie \u00fcber folgenden Link abrufen:<\/p>\n<p><a href=\"https:\/\/www.privacyshield.gov\/participant?id=a2zt000000001L5AAI&amp;status=Active\" target=\"_blank\" rel=\"noreferrer noopener\">https:\/\/www.privacyshield.gov\/participant?id=a2zt000000001L5AAI&amp;status=Active<\/a><\/p>\n<p><span><b><\/b><\/span><\/p>\n<\/div>\n<\/div>\n<\/div>\n<\/div>\n<\/div>\n<\/div>\n[\/et_pb_text][\/et_pb_column][\/et_pb_row][\/et_pb_section]\n","protected":false},"excerpt":{"rendered":"<p>Cookie Hinweis eventfotografen.berlin setzt zur Verbesserung der Nutzerfreundlichkeit und Optimierung der Webseite sog. Cookies ein. Bei Cookies handelt es sich um Textdateien, welche lokal auf Ihrem Rechner abgelegt werden. Ein Teil der verwendeten Cookies wird nach Beendigung der Browser-Sitzung bzw. mit dem Schlie\u00dfen des Browser gel\u00f6scht (Session-Cookies). Des Weiteren kommen auch Cookies zum Einsatz, welche [&hellip;]<\/p>\n","protected":false},"author":1,"featured_media":0,"parent":0,"menu_order":0,"comment_status":"closed","ping_status":"closed","template":"","meta":{"_et_pb_use_builder":"on","_et_pb_old_content":"","_et_gb_content_width":"","footnotes":""},"dipi_cpt_category":[],"class_list":["post-2729","page","type-page","status-publish","hentry"],"yoast_head":"<!-- This site is optimized with the Yoast SEO plugin v27.3 - https:\/\/yoast.com\/product\/yoast-seo-wordpress\/ -->\n<title>Cookie-Hinweis - Eventfotografen Berlin<\/title>\n<meta name=\"robots\" content=\"index, follow, max-snippet:-1, max-image-preview:large, max-video-preview:-1\" \/>\n<link rel=\"canonical\" href=\"https:\/\/www.eventfotografen.berlin\/en\/cookie-hinweis\/\" \/>\n<meta property=\"og:locale\" content=\"en_US\" \/>\n<meta property=\"og:type\" content=\"article\" \/>\n<meta property=\"og:title\" content=\"Cookie-Hinweis - Eventfotografen Berlin\" \/>\n<meta property=\"og:description\" content=\"Cookie Hinweis eventfotografen.berlin setzt zur Verbesserung der Nutzerfreundlichkeit und Optimierung der Webseite sog. Cookies ein. Bei Cookies handelt es sich um Textdateien, welche lokal auf Ihrem Rechner abgelegt werden. Ein Teil der verwendeten Cookies wird nach Beendigung der Browser-Sitzung bzw. mit dem Schlie\u00dfen des Browser gel\u00f6scht (Session-Cookies). Des Weiteren kommen auch Cookies zum Einsatz, welche [&hellip;]\" \/>\n<meta property=\"og:url\" content=\"https:\/\/www.eventfotografen.berlin\/en\/cookie-hinweis\/\" \/>\n<meta property=\"og:site_name\" content=\"Eventfotografen Berlin\" \/>\n<meta property=\"article:modified_time\" content=\"2022-04-26T18:06:25+00:00\" \/>\n<meta name=\"twitter:card\" content=\"summary_large_image\" \/>\n<meta name=\"twitter:label1\" content=\"Est. reading time\" \/>\n\t<meta name=\"twitter:data1\" content=\"5 minutes\" \/>\n<script type=\"application\/ld+json\" class=\"yoast-schema-graph\">{\"@context\":\"https:\\\/\\\/schema.org\",\"@graph\":[{\"@type\":\"WebPage\",\"@id\":\"https:\\\/\\\/www.eventfotografen.berlin\\\/en\\\/cookie-hinweis\\\/\",\"url\":\"https:\\\/\\\/www.eventfotografen.berlin\\\/en\\\/cookie-hinweis\\\/\",\"name\":\"Cookie-Hinweis - Eventfotografen Berlin\",\"isPartOf\":{\"@id\":\"https:\\\/\\\/www.eventfotografen.berlin\\\/#website\"},\"datePublished\":\"2020-02-05T16:04:32+00:00\",\"dateModified\":\"2022-04-26T18:06:25+00:00\",\"breadcrumb\":{\"@id\":\"https:\\\/\\\/www.eventfotografen.berlin\\\/en\\\/cookie-hinweis\\\/#breadcrumb\"},\"inLanguage\":\"en-US\",\"potentialAction\":[{\"@type\":\"ReadAction\",\"target\":[\"https:\\\/\\\/www.eventfotografen.berlin\\\/en\\\/cookie-hinweis\\\/\"]}]},{\"@type\":\"BreadcrumbList\",\"@id\":\"https:\\\/\\\/www.eventfotografen.berlin\\\/en\\\/cookie-hinweis\\\/#breadcrumb\",\"itemListElement\":[{\"@type\":\"ListItem\",\"position\":1,\"name\":\"Startseite\",\"item\":\"https:\\\/\\\/www.eventfotografen.berlin\\\/en\\\/\"},{\"@type\":\"ListItem\",\"position\":2,\"name\":\"Cookie-Hinweis\"}]},{\"@type\":\"WebSite\",\"@id\":\"https:\\\/\\\/www.eventfotografen.berlin\\\/#website\",\"url\":\"https:\\\/\\\/www.eventfotografen.berlin\\\/\",\"name\":\"Eventfotografen Berlin\",\"description\":\"Ihre Profis f\u00fcr Eventfotografie, Konferenzfotografie &amp; Messefotografie\",\"publisher\":{\"@id\":\"https:\\\/\\\/www.eventfotografen.berlin\\\/#organization\"},\"potentialAction\":[{\"@type\":\"SearchAction\",\"target\":{\"@type\":\"EntryPoint\",\"urlTemplate\":\"https:\\\/\\\/www.eventfotografen.berlin\\\/?s={search_term_string}\"},\"query-input\":{\"@type\":\"PropertyValueSpecification\",\"valueRequired\":true,\"valueName\":\"search_term_string\"}}],\"inLanguage\":\"en-US\"},{\"@type\":\"Organization\",\"@id\":\"https:\\\/\\\/www.eventfotografen.berlin\\\/#organization\",\"name\":\"Eventfotografen Berlin\",\"url\":\"https:\\\/\\\/www.eventfotografen.berlin\\\/\",\"logo\":{\"@type\":\"ImageObject\",\"inLanguage\":\"en-US\",\"@id\":\"https:\\\/\\\/www.eventfotografen.berlin\\\/#\\\/schema\\\/logo\\\/image\\\/\",\"url\":\"https:\\\/\\\/www.eventfotografen.berlin\\\/wp-content\\\/uploads\\\/2020\\\/01\\\/web_logo_eventfotografen_berlin_schmal.png\",\"contentUrl\":\"https:\\\/\\\/www.eventfotografen.berlin\\\/wp-content\\\/uploads\\\/2020\\\/01\\\/web_logo_eventfotografen_berlin_schmal.png\",\"width\":300,\"height\":44,\"caption\":\"Eventfotografen Berlin\"},\"image\":{\"@id\":\"https:\\\/\\\/www.eventfotografen.berlin\\\/#\\\/schema\\\/logo\\\/image\\\/\"}}]}<\/script>\n<!-- \/ Yoast SEO plugin. -->","yoast_head_json":{"title":"Cookie-Hinweis - Eventfotografen Berlin","robots":{"index":"index","follow":"follow","max-snippet":"max-snippet:-1","max-image-preview":"max-image-preview:large","max-video-preview":"max-video-preview:-1"},"canonical":"https:\/\/www.eventfotografen.berlin\/en\/cookie-hinweis\/","og_locale":"en_US","og_type":"article","og_title":"Cookie-Hinweis - Eventfotografen Berlin","og_description":"Cookie Hinweis eventfotografen.berlin setzt zur Verbesserung der Nutzerfreundlichkeit und Optimierung der Webseite sog. Cookies ein. Bei Cookies handelt es sich um Textdateien, welche lokal auf Ihrem Rechner abgelegt werden. Ein Teil der verwendeten Cookies wird nach Beendigung der Browser-Sitzung bzw. mit dem Schlie\u00dfen des Browser gel\u00f6scht (Session-Cookies). Des Weiteren kommen auch Cookies zum Einsatz, welche [&hellip;]","og_url":"https:\/\/www.eventfotografen.berlin\/en\/cookie-hinweis\/","og_site_name":"Eventfotografen Berlin","article_modified_time":"2022-04-26T18:06:25+00:00","twitter_card":"summary_large_image","twitter_misc":{"Est. reading time":"5 minutes"},"schema":{"@context":"https:\/\/schema.org","@graph":[{"@type":"WebPage","@id":"https:\/\/www.eventfotografen.berlin\/en\/cookie-hinweis\/","url":"https:\/\/www.eventfotografen.berlin\/en\/cookie-hinweis\/","name":"Cookie-Hinweis - Eventfotografen Berlin","isPartOf":{"@id":"https:\/\/www.eventfotografen.berlin\/#website"},"datePublished":"2020-02-05T16:04:32+00:00","dateModified":"2022-04-26T18:06:25+00:00","breadcrumb":{"@id":"https:\/\/www.eventfotografen.berlin\/en\/cookie-hinweis\/#breadcrumb"},"inLanguage":"en-US","potentialAction":[{"@type":"ReadAction","target":["https:\/\/www.eventfotografen.berlin\/en\/cookie-hinweis\/"]}]},{"@type":"BreadcrumbList","@id":"https:\/\/www.eventfotografen.berlin\/en\/cookie-hinweis\/#breadcrumb","itemListElement":[{"@type":"ListItem","position":1,"name":"Startseite","item":"https:\/\/www.eventfotografen.berlin\/en\/"},{"@type":"ListItem","position":2,"name":"Cookie-Hinweis"}]},{"@type":"WebSite","@id":"https:\/\/www.eventfotografen.berlin\/#website","url":"https:\/\/www.eventfotografen.berlin\/","name":"Eventfotografen Berlin","description":"Ihre Profis f\u00fcr Eventfotografie, Konferenzfotografie &amp; Messefotografie","publisher":{"@id":"https:\/\/www.eventfotografen.berlin\/#organization"},"potentialAction":[{"@type":"SearchAction","target":{"@type":"EntryPoint","urlTemplate":"https:\/\/www.eventfotografen.berlin\/?s={search_term_string}"},"query-input":{"@type":"PropertyValueSpecification","valueRequired":true,"valueName":"search_term_string"}}],"inLanguage":"en-US"},{"@type":"Organization","@id":"https:\/\/www.eventfotografen.berlin\/#organization","name":"Eventfotografen Berlin","url":"https:\/\/www.eventfotografen.berlin\/","logo":{"@type":"ImageObject","inLanguage":"en-US","@id":"https:\/\/www.eventfotografen.berlin\/#\/schema\/logo\/image\/","url":"https:\/\/www.eventfotografen.berlin\/wp-content\/uploads\/2020\/01\/web_logo_eventfotografen_berlin_schmal.png","contentUrl":"https:\/\/www.eventfotografen.berlin\/wp-content\/uploads\/2020\/01\/web_logo_eventfotografen_berlin_schmal.png","width":300,"height":44,"caption":"Eventfotografen Berlin"},"image":{"@id":"https:\/\/www.eventfotografen.berlin\/#\/schema\/logo\/image\/"}}]}},"_links":{"self":[{"href":"https:\/\/www.eventfotografen.berlin\/en\/wp-json\/wp\/v2\/pages\/2729","targetHints":{"allow":["GET"]}}],"collection":[{"href":"https:\/\/www.eventfotografen.berlin\/en\/wp-json\/wp\/v2\/pages"}],"about":[{"href":"https:\/\/www.eventfotografen.berlin\/en\/wp-json\/wp\/v2\/types\/page"}],"author":[{"embeddable":true,"href":"https:\/\/www.eventfotografen.berlin\/en\/wp-json\/wp\/v2\/users\/1"}],"replies":[{"embeddable":true,"href":"https:\/\/www.eventfotografen.berlin\/en\/wp-json\/wp\/v2\/comments?post=2729"}],"version-history":[{"count":6,"href":"https:\/\/www.eventfotografen.berlin\/en\/wp-json\/wp\/v2\/pages\/2729\/revisions"}],"predecessor-version":[{"id":3482,"href":"https:\/\/www.eventfotografen.berlin\/en\/wp-json\/wp\/v2\/pages\/2729\/revisions\/3482"}],"wp:attachment":[{"href":"https:\/\/www.eventfotografen.berlin\/en\/wp-json\/wp\/v2\/media?parent=2729"}],"wp:term":[{"taxonomy":"dipi_cpt_category","embeddable":true,"href":"https:\/\/www.eventfotografen.berlin\/en\/wp-json\/wp\/v2\/dipi_cpt_category?post=2729"}],"curies":[{"name":"wp","href":"https:\/\/api.w.org\/{rel}","templated":true}]}}